{"id":12048,"date":"2017-11-14T14:24:14","date_gmt":"2017-11-14T13:24:14","guid":{"rendered":"http:\/\/mosta-heirt.com\/?page_id=12048"},"modified":"2023-03-23T20:39:54","modified_gmt":"2023-03-23T19:39:54","slug":"pieces","status":"publish","type":"page","link":"https:\/\/mosta-heirt.com\/?page_id=12048","title":{"rendered":"Pi\u00e8ces expos\u00e9es,"},"content":{"rendered":"<p><!--themify_builder_static--><img decoding=\"async\" loading=\"lazy\" src=\"https:\/\/mosta-heirt.com\/wp-content\/uploads\/2023\/03\/N\u00b02-fnac-2007-1160x550.tiff\" width=\"1160\" height=\"550\" title=\"N\u00b02 fnac 2007\" alt=\"N\u00b02 fnac 2007\"><br \/>\n<img decoding=\"async\" loading=\"lazy\" src=\"https:\/\/mosta-heirt.com\/wp-content\/uploads\/2022\/12\/Come-oeuvre-peinte-687x1024-540x805.jpg\" width=\"540\" height=\"805\" title=\"Come-oeuvre-peinte\" alt=\"Come-oeuvre-peinte\" srcset=\"https:\/\/mosta-heirt.com\/wp-content\/uploads\/2022\/12\/Come-oeuvre-peinte-687x1024-540x805.jpg 540w, https:\/\/mosta-heirt.com\/wp-content\/uploads\/2022\/12\/Come-oeuvre-peinte-201x300.jpg 201w, https:\/\/mosta-heirt.com\/wp-content\/uploads\/2022\/12\/Come-oeuvre-peinte-687x1024.jpg 687w, https:\/\/mosta-heirt.com\/wp-content\/uploads\/2022\/12\/Come-oeuvre-peinte-768x1145.jpg 768w, https:\/\/mosta-heirt.com\/wp-content\/uploads\/2022\/12\/Come-oeuvre-peinte-1030x1536.jpg 1030w, https:\/\/mosta-heirt.com\/wp-content\/uploads\/2022\/12\/Come-oeuvre-peinte-1373x2048.jpg 1373w, https:\/\/mosta-heirt.com\/wp-content\/uploads\/2022\/12\/Come-oeuvre-peinte-687x1024-640x954.jpg 640w, https:\/\/mosta-heirt.com\/wp-content\/uploads\/2022\/12\/Come-oeuvre-peinte-scaled.jpg 1716w\" sizes=\"auto, (max-width: 540px) 100vw, 540px\" \/><br \/>\n<img decoding=\"async\" loading=\"lazy\" src=\"https:\/\/mosta-heirt.com\/wp-content\/uploads\/2022\/12\/01-839x1024-640x780.jpg\" width=\"640\" height=\"780\" title=\"01\" alt=\"01\" srcset=\"https:\/\/mosta-heirt.com\/wp-content\/uploads\/2022\/12\/01-839x1024-640x780.jpg 640w, https:\/\/mosta-heirt.com\/wp-content\/uploads\/2022\/12\/01-246x300.jpg 246w, https:\/\/mosta-heirt.com\/wp-content\/uploads\/2022\/12\/01-839x1024.jpg 839w, https:\/\/mosta-heirt.com\/wp-content\/uploads\/2022\/12\/01-768x937.jpg 768w, https:\/\/mosta-heirt.com\/wp-content\/uploads\/2022\/12\/01-1259x1536.jpg 1259w, https:\/\/mosta-heirt.com\/wp-content\/uploads\/2022\/12\/01-1679x2048.jpg 1679w, https:\/\/mosta-heirt.com\/wp-content\/uploads\/2022\/12\/01-839x1024-680x829.jpg 680w\" sizes=\"auto, (max-width: 640px) 100vw, 640px\" \/><br \/>\n<img decoding=\"async\" loading=\"lazy\" src=\"https:\/\/mosta-heirt.com\/wp-content\/uploads\/2022\/12\/Escalier--850x1024-820x987.jpg\" width=\"820\" height=\"987\" title=\"Escalier-\" alt=\"Escalier-\" srcset=\"https:\/\/mosta-heirt.com\/wp-content\/uploads\/2022\/12\/Escalier--850x1024-820x987.jpg 820w, https:\/\/mosta-heirt.com\/wp-content\/uploads\/2022\/12\/Escalier--249x300.jpg 249w, https:\/\/mosta-heirt.com\/wp-content\/uploads\/2022\/12\/Escalier--850x1024.jpg 850w, https:\/\/mosta-heirt.com\/wp-content\/uploads\/2022\/12\/Escalier--768x925.jpg 768w, https:\/\/mosta-heirt.com\/wp-content\/uploads\/2022\/12\/Escalier--1275x1536.jpg 1275w, https:\/\/mosta-heirt.com\/wp-content\/uploads\/2022\/12\/Escalier--1700x2048.jpg 1700w, https:\/\/mosta-heirt.com\/wp-content\/uploads\/2022\/12\/Escalier--850x1024-680x818.jpg 680w, https:\/\/mosta-heirt.com\/wp-content\/uploads\/2022\/12\/Escalier--850x1024-640x770.jpg 640w\" sizes=\"auto, (max-width: 820px) 100vw, 820px\" \/><br \/>\n<img loading=\"lazy\" decoding=\"async\" src=\"https:\/\/mosta-heirt.com\/wp-content\/uploads\/2018\/03\/IMG_0253-1.jpg\" width=\"640\" height=\"480\" title=\"STRUCTURES, 2016\" alt=\"Bois color\u00e9, BOZAR, Mus\u00e9e des Beaux arts, Bruxelles.\"> <\/p>\n<h3> STRUCTURES, 2016 <\/h3>\n<p> Bois color\u00e9, BOZAR, Mus\u00e9e des Beaux arts, Bruxelles.<br \/>\n<img loading=\"lazy\" decoding=\"async\" src=\"https:\/\/mosta-heirt.com\/wp-content\/uploads\/2017\/11\/Voiteur2010-2.jpg\" width=\"1023\" height=\"678\" title=\"VOITEUR, 2010\" alt=\"Bois color\u00e9, biblioth\u00e8que, (jura).\"> <\/p>\n<h3> VOITEUR, 2010 <\/h3>\n<p> Bois color\u00e9, biblioth\u00e8que, (jura).<br \/>\n<img loading=\"lazy\" decoding=\"async\" src=\"https:\/\/mosta-heirt.com\/wp-content\/uploads\/2017\/11\/IMG_2349.jpg\" width=\"2592\" height=\"1944\" title=\"COURONNE DE L&#039;AREINE, 2005.\" alt=\"Bois color\u00e9, Tissus, N\u00e9on, Galerie G. Verney-Carron, Lyon.\"> <\/p>\n<h3> COURONNE DE L&rsquo;AREINE, 2005. <\/h3>\n<p> Bois color\u00e9, Tissus, N\u00e9on, Galerie G. Verney-Carron, Lyon.<br \/>\n<img loading=\"lazy\" decoding=\"async\" src=\"https:\/\/mosta-heirt.com\/wp-content\/uploads\/2017\/11\/DSC00109-1024x768-2.jpg\" width=\"1024\" height=\"768\" title=\"Z&#039;\u00c9BRAI, 2005\" alt=\"Bois color\u00e9, tissus, Mus\u00e9e de Serignan.\"> <\/p>\n<h3> Z&rsquo;\u00c9BRAI, 2005 <\/h3>\n<p> Bois color\u00e9, tissus, Mus\u00e9e de Serignan.<br \/>\n<img loading=\"lazy\" decoding=\"async\" src=\"https:\/\/mosta-heirt.com\/wp-content\/uploads\/2017\/11\/img942.jpg\" width=\"3833\" height=\"2573\" title=\"2ENTROIS, 1999.\" alt=\"Bois color\u00e9, galerie Verney-Carron, lyon-villeurbanne.\"> <\/p>\n<h3> 2ENTROIS, 1999. <\/h3>\n<p> Bois color\u00e9, galerie Verney-Carron, lyon-villeurbanne.<br \/>\n<img loading=\"lazy\" decoding=\"async\" src=\"https:\/\/mosta-heirt.com\/wp-content\/uploads\/2017\/06\/g_claire-1996CMH_-1.jpg\" width=\"588\" height=\"480\" title=\"G CLAIRE, 1996.\" alt=\"Bois color\u00e9, altuglass, n\u00e9on.\"> <\/p>\n<h3> G CLAIRE, 1996. <\/h3>\n<p> Bois color\u00e9, altuglass, n\u00e9on.<br \/>\n<img loading=\"lazy\" decoding=\"async\" src=\"https:\/\/mosta-heirt.com\/wp-content\/uploads\/2017\/07\/scan-1-1.jpg\" width=\"2657\" height=\"3361\" title=\"SITRONRICH,1994.\" alt=\"M\u00e9tal altuglass et bois color\u00e9, Mus\u00e9e de Gand, Belgique.\"> <\/p>\n<h3> SITRONRICH,1994. <\/h3>\n<p> M\u00e9tal altuglass et bois color\u00e9, Mus\u00e9e de Gand, Belgique.<br \/>\n<img loading=\"lazy\" decoding=\"async\" src=\"https:\/\/mosta-heirt.com\/wp-content\/uploads\/2017\/11\/img914.jpg\" width=\"3543\" height=\"2362\" title=\"NEW FORM, IN NEW-YORK, 1985.\" alt=\"Bois color\u00e9, Mus\u00e9e de Calais. .\"> <\/p>\n<h3> NEW FORM, IN NEW-YORK, 1985. <\/h3>\n<p> Bois color\u00e9, Mus\u00e9e de Calais. .<br \/>\n<img loading=\"lazy\" decoding=\"async\" src=\"https:\/\/mosta-heirt.com\/wp-content\/uploads\/2018\/01\/File0738.jpg\" width=\"768\" height=\"498\" title=\"LE LIT ROUGE, 1983.\" alt=\"Velours bois peints, bronze et plomb, Galerie Eric Fabre, Paris.\"> <\/p>\n<h3> LE LIT ROUGE, 1983. <\/h3>\n<p> Velours bois peints, bronze et plomb, Galerie Eric Fabre, Paris.<br \/>\n<img decoding=\"async\" src=\"https:\/\/mosta-heirt.com\/wp-content\/uploads\/2017\/12\/conflans.jpg\" width=\"778\" title=\"CONFLANTS SAINT HONORINE, 1983.\" alt=\"Bois et couleurs,\"> <\/p>\n<h3> CONFLANTS SAINT HONORINE, 1983. <\/h3>\n<p> Bois et couleurs,<br \/>\n<img loading=\"lazy\" decoding=\"async\" src=\"https:\/\/mosta-heirt.com\/wp-content\/uploads\/2017\/11\/img715.jpg\" width=\"1535\" height=\"2144\" title=\"TRISOCLESOCL\u00c9, 1982.\" alt=\"Bois couleur et bronze Cire \u00e0 cacheter Galerie de France\"> <\/p>\n<h3> TRISOCLESOCL\u00c9, 1982. <\/h3>\n<p> Bois couleur et bronze Cire \u00e0 cacheter Galerie de France<br \/>\n<img loading=\"lazy\" decoding=\"async\" src=\"https:\/\/mosta-heirt.com\/wp-content\/uploads\/2018\/01\/File0730-2.jpg\" width=\"768\" height=\"498\" title=\"STRUCTURES, 1979.\" alt=\"Bois color\u00e9, New-York.\"> <\/p>\n<h3> STRUCTURES, 1979. <\/h3>\n<p> Bois color\u00e9, New-York.<br \/>\n<img loading=\"lazy\" decoding=\"async\" src=\"https:\/\/mosta-heirt.com\/wp-content\/uploads\/2018\/01\/File0756.jpg\" width=\"772\" height=\"496\" title=\"SANS TITRE, 2001\" alt=\"Bois color\u00e9, Tissus, Galerie Im Heppacher, Esslingen, Allemagne.\"> <\/p>\n<h3> SANS TITRE, 2001 <\/h3>\n<p> Bois color\u00e9, Tissus, Galerie Im Heppacher, Esslingen, Allemagne.<br \/>\n<img loading=\"lazy\" decoding=\"async\" src=\"https:\/\/mosta-heirt.com\/wp-content\/uploads\/2018\/03\/IMG_1100.jpg\" width=\"2448\" height=\"3264\" title=\"ANGLE, 1976\" alt=\"Bois color\u00e9, CNAP, Minist\u00e8re de l&#039;int\u00e9rieure.\"> <\/p>\n<h3> ANGLE, 1976 <\/h3>\n<p> Bois color\u00e9, CNAP, Minist\u00e8re de l&rsquo;int\u00e9rieure.<!--\/themify_builder_static--><\/p>\n","protected":false},"excerpt":{"rendered":"<p>STRUCTURES, 2016 Bois color\u00e9, BOZAR, Mus\u00e9e des Beaux arts, Bruxelles. VOITEUR, 2010 Bois color\u00e9, biblioth\u00e8que, (jura). COURONNE DE L&rsquo;AREINE, 2005. Bois color\u00e9, Tissus, N\u00e9on, Galerie G. Verney-Carron, Lyon. Z&rsquo;\u00c9BRAI, 2005 Bois color\u00e9, tissus, Mus\u00e9e de Serignan. 2ENTROIS, 1999. Bois color\u00e9, galerie Verney-Carron, lyon-villeurbanne. G CLAIRE, 1996. Bois color\u00e9, altuglass, n\u00e9on. SITRONRICH,1994. M\u00e9tal altuglass et bois [&hellip;]<\/p>\n","protected":false},"author":1,"featured_media":0,"parent":0,"menu_order":0,"comment_status":"closed","ping_status":"closed","template":"","meta":{"footnotes":""},"class_list":["post-12048","page","type-page","status-publish","hentry","has-post-title","has-post-date","has-post-category","has-post-tag","has-post-comment","has-post-author",""],"yoast_head":"<!-- This site is optimized with the Yoast SEO plugin v26.6 - https:\/\/yoast.com\/wordpress\/plugins\/seo\/ -->\n<title>Pi\u00e8ces expos\u00e9es, - C\u00d4ME MOSTA-HEIRT<\/title>\n<meta name=\"robots\" content=\"index, follow, max-snippet:-1, max-image-preview:large, max-video-preview:-1\" \/>\n<link rel=\"canonical\" href=\"https:\/\/mosta-heirt.com\/?page_id=12048\" \/>\n<meta property=\"og:locale\" content=\"fr_FR\" \/>\n<meta property=\"og:type\" content=\"article\" \/>\n<meta property=\"og:title\" content=\"Pi\u00e8ces expos\u00e9es, - C\u00d4ME MOSTA-HEIRT\" \/>\n<meta property=\"og:description\" content=\"STRUCTURES, 2016 Bois color\u00e9, BOZAR, Mus\u00e9e des Beaux arts, Bruxelles. VOITEUR, 2010 Bois color\u00e9, biblioth\u00e8que, (jura). COURONNE DE L&rsquo;AREINE, 2005. Bois color\u00e9, Tissus, N\u00e9on, Galerie G. Verney-Carron, Lyon. Z&rsquo;\u00c9BRAI, 2005 Bois color\u00e9, tissus, Mus\u00e9e de Serignan. 2ENTROIS, 1999. Bois color\u00e9, galerie Verney-Carron, lyon-villeurbanne. G CLAIRE, 1996. Bois color\u00e9, altuglass, n\u00e9on. SITRONRICH,1994. M\u00e9tal altuglass et bois [&hellip;]\" \/>\n<meta property=\"og:url\" content=\"https:\/\/mosta-heirt.com\/?page_id=12048\" \/>\n<meta property=\"og:site_name\" content=\"C\u00d4ME MOSTA-HEIRT\" \/>\n<meta property=\"article:modified_time\" content=\"2023-03-23T19:39:54+00:00\" \/>\n<meta name=\"twitter:card\" content=\"summary_large_image\" \/>\n<script type=\"application\/ld+json\" class=\"yoast-schema-graph\">{\"@context\":\"https:\/\/schema.org\",\"@graph\":[{\"@type\":\"WebPage\",\"@id\":\"https:\/\/mosta-heirt.com\/?page_id=12048\",\"url\":\"https:\/\/mosta-heirt.com\/?page_id=12048\",\"name\":\"Pi\u00e8ces expos\u00e9es, - C\u00d4ME MOSTA-HEIRT\",\"isPartOf\":{\"@id\":\"https:\/\/mosta-heirt.com\/#website\"},\"primaryImageOfPage\":{\"@id\":\"https:\/\/mosta-heirt.com\/?page_id=12048#primaryimage\"},\"image\":{\"@id\":\"https:\/\/mosta-heirt.com\/?page_id=12048#primaryimage\"},\"thumbnailUrl\":\"https:\/\/mosta-heirt.com\/wp-content\/uploads\/2022\/12\/Come-oeuvre-peinte-687x1024-540x805.jpg\",\"datePublished\":\"2017-11-14T13:24:14+00:00\",\"dateModified\":\"2023-03-23T19:39:54+00:00\",\"breadcrumb\":{\"@id\":\"https:\/\/mosta-heirt.com\/?page_id=12048#breadcrumb\"},\"inLanguage\":\"fr-FR\",\"potentialAction\":[{\"@type\":\"ReadAction\",\"target\":[\"https:\/\/mosta-heirt.com\/?page_id=12048\"]}]},{\"@type\":\"ImageObject\",\"inLanguage\":\"fr-FR\",\"@id\":\"https:\/\/mosta-heirt.com\/?page_id=12048#primaryimage\",\"url\":\"https:\/\/mosta-heirt.com\/wp-content\/uploads\/2022\/12\/Come-oeuvre-peinte-scaled.jpg\",\"contentUrl\":\"https:\/\/mosta-heirt.com\/wp-content\/uploads\/2022\/12\/Come-oeuvre-peinte-scaled.jpg\",\"width\":1716,\"height\":2560},{\"@type\":\"BreadcrumbList\",\"@id\":\"https:\/\/mosta-heirt.com\/?page_id=12048#breadcrumb\",\"itemListElement\":[{\"@type\":\"ListItem\",\"position\":1,\"name\":\"Accueil\",\"item\":\"https:\/\/mosta-heirt.com\/\"},{\"@type\":\"ListItem\",\"position\":2,\"name\":\"Pi\u00e8ces expos\u00e9es,\"}]},{\"@type\":\"WebSite\",\"@id\":\"https:\/\/mosta-heirt.com\/#website\",\"url\":\"https:\/\/mosta-heirt.com\/\",\"name\":\"C\u00d4ME MOSTA-HEIRT\",\"description\":\"\",\"potentialAction\":[{\"@type\":\"SearchAction\",\"target\":{\"@type\":\"EntryPoint\",\"urlTemplate\":\"https:\/\/mosta-heirt.com\/?s={search_term_string}\"},\"query-input\":{\"@type\":\"PropertyValueSpecification\",\"valueRequired\":true,\"valueName\":\"search_term_string\"}}],\"inLanguage\":\"fr-FR\"}]}<\/script>\n<!-- \/ Yoast SEO plugin. -->","yoast_head_json":{"title":"Pi\u00e8ces expos\u00e9es, - C\u00d4ME MOSTA-HEIRT","robots":{"index":"index","follow":"follow","max-snippet":"max-snippet:-1","max-image-preview":"max-image-preview:large","max-video-preview":"max-video-preview:-1"},"canonical":"https:\/\/mosta-heirt.com\/?page_id=12048","og_locale":"fr_FR","og_type":"article","og_title":"Pi\u00e8ces expos\u00e9es, - C\u00d4ME MOSTA-HEIRT","og_description":"STRUCTURES, 2016 Bois color\u00e9, BOZAR, Mus\u00e9e des Beaux arts, Bruxelles. VOITEUR, 2010 Bois color\u00e9, biblioth\u00e8que, (jura). COURONNE DE L&rsquo;AREINE, 2005. Bois color\u00e9, Tissus, N\u00e9on, Galerie G. Verney-Carron, Lyon. Z&rsquo;\u00c9BRAI, 2005 Bois color\u00e9, tissus, Mus\u00e9e de Serignan. 2ENTROIS, 1999. Bois color\u00e9, galerie Verney-Carron, lyon-villeurbanne. G CLAIRE, 1996. Bois color\u00e9, altuglass, n\u00e9on. SITRONRICH,1994. M\u00e9tal altuglass et bois [&hellip;]","og_url":"https:\/\/mosta-heirt.com\/?page_id=12048","og_site_name":"C\u00d4ME MOSTA-HEIRT","article_modified_time":"2023-03-23T19:39:54+00:00","twitter_card":"summary_large_image","schema":{"@context":"https:\/\/schema.org","@graph":[{"@type":"WebPage","@id":"https:\/\/mosta-heirt.com\/?page_id=12048","url":"https:\/\/mosta-heirt.com\/?page_id=12048","name":"Pi\u00e8ces expos\u00e9es, - C\u00d4ME MOSTA-HEIRT","isPartOf":{"@id":"https:\/\/mosta-heirt.com\/#website"},"primaryImageOfPage":{"@id":"https:\/\/mosta-heirt.com\/?page_id=12048#primaryimage"},"image":{"@id":"https:\/\/mosta-heirt.com\/?page_id=12048#primaryimage"},"thumbnailUrl":"https:\/\/mosta-heirt.com\/wp-content\/uploads\/2022\/12\/Come-oeuvre-peinte-687x1024-540x805.jpg","datePublished":"2017-11-14T13:24:14+00:00","dateModified":"2023-03-23T19:39:54+00:00","breadcrumb":{"@id":"https:\/\/mosta-heirt.com\/?page_id=12048#breadcrumb"},"inLanguage":"fr-FR","potentialAction":[{"@type":"ReadAction","target":["https:\/\/mosta-heirt.com\/?page_id=12048"]}]},{"@type":"ImageObject","inLanguage":"fr-FR","@id":"https:\/\/mosta-heirt.com\/?page_id=12048#primaryimage","url":"https:\/\/mosta-heirt.com\/wp-content\/uploads\/2022\/12\/Come-oeuvre-peinte-scaled.jpg","contentUrl":"https:\/\/mosta-heirt.com\/wp-content\/uploads\/2022\/12\/Come-oeuvre-peinte-scaled.jpg","width":1716,"height":2560},{"@type":"BreadcrumbList","@id":"https:\/\/mosta-heirt.com\/?page_id=12048#breadcrumb","itemListElement":[{"@type":"ListItem","position":1,"name":"Accueil","item":"https:\/\/mosta-heirt.com\/"},{"@type":"ListItem","position":2,"name":"Pi\u00e8ces expos\u00e9es,"}]},{"@type":"WebSite","@id":"https:\/\/mosta-heirt.com\/#website","url":"https:\/\/mosta-heirt.com\/","name":"C\u00d4ME MOSTA-HEIRT","description":"","potentialAction":[{"@type":"SearchAction","target":{"@type":"EntryPoint","urlTemplate":"https:\/\/mosta-heirt.com\/?s={search_term_string}"},"query-input":{"@type":"PropertyValueSpecification","valueRequired":true,"valueName":"search_term_string"}}],"inLanguage":"fr-FR"}]}},"builder_content":"<img loading=\"lazy\" decoding=\"async\" src=\"https:\/\/mosta-heirt.com\/wp-content\/uploads\/2023\/03\/N\u00b02-fnac-2007-1160x550.tiff\" width=\"1160\" height=\"550\" title=\"N\u00b02 fnac 2007\" alt=\"N\u00b02 fnac 2007\">\n<img loading=\"lazy\" decoding=\"async\" src=\"https:\/\/mosta-heirt.com\/wp-content\/uploads\/2022\/12\/Come-oeuvre-peinte-687x1024-540x805.jpg\" width=\"540\" height=\"805\" title=\"Come-oeuvre-peinte\" alt=\"Come-oeuvre-peinte\" srcset=\"https:\/\/mosta-heirt.com\/wp-content\/uploads\/2022\/12\/Come-oeuvre-peinte-687x1024-540x805.jpg 540w, https:\/\/mosta-heirt.com\/wp-content\/uploads\/2022\/12\/Come-oeuvre-peinte-201x300.jpg 201w, https:\/\/mosta-heirt.com\/wp-content\/uploads\/2022\/12\/Come-oeuvre-peinte-687x1024.jpg 687w, https:\/\/mosta-heirt.com\/wp-content\/uploads\/2022\/12\/Come-oeuvre-peinte-768x1145.jpg 768w, https:\/\/mosta-heirt.com\/wp-content\/uploads\/2022\/12\/Come-oeuvre-peinte-1030x1536.jpg 1030w, https:\/\/mosta-heirt.com\/wp-content\/uploads\/2022\/12\/Come-oeuvre-peinte-1373x2048.jpg 1373w, https:\/\/mosta-heirt.com\/wp-content\/uploads\/2022\/12\/Come-oeuvre-peinte-687x1024-640x954.jpg 640w, https:\/\/mosta-heirt.com\/wp-content\/uploads\/2022\/12\/Come-oeuvre-peinte-scaled.jpg 1716w\" sizes=\"auto, (max-width: 540px) 100vw, 540px\" \/>\n<img loading=\"lazy\" decoding=\"async\" src=\"https:\/\/mosta-heirt.com\/wp-content\/uploads\/2022\/12\/01-839x1024-640x780.jpg\" width=\"640\" height=\"780\" title=\"01\" alt=\"01\" srcset=\"https:\/\/mosta-heirt.com\/wp-content\/uploads\/2022\/12\/01-839x1024-640x780.jpg 640w, https:\/\/mosta-heirt.com\/wp-content\/uploads\/2022\/12\/01-246x300.jpg 246w, https:\/\/mosta-heirt.com\/wp-content\/uploads\/2022\/12\/01-839x1024.jpg 839w, https:\/\/mosta-heirt.com\/wp-content\/uploads\/2022\/12\/01-768x937.jpg 768w, https:\/\/mosta-heirt.com\/wp-content\/uploads\/2022\/12\/01-1259x1536.jpg 1259w, https:\/\/mosta-heirt.com\/wp-content\/uploads\/2022\/12\/01-1679x2048.jpg 1679w, https:\/\/mosta-heirt.com\/wp-content\/uploads\/2022\/12\/01-839x1024-680x829.jpg 680w\" sizes=\"auto, (max-width: 640px) 100vw, 640px\" \/>\n<img loading=\"lazy\" decoding=\"async\" src=\"https:\/\/mosta-heirt.com\/wp-content\/uploads\/2022\/12\/Escalier--850x1024-820x987.jpg\" width=\"820\" height=\"987\" title=\"Escalier-\" alt=\"Escalier-\" srcset=\"https:\/\/mosta-heirt.com\/wp-content\/uploads\/2022\/12\/Escalier--850x1024-820x987.jpg 820w, https:\/\/mosta-heirt.com\/wp-content\/uploads\/2022\/12\/Escalier--249x300.jpg 249w, https:\/\/mosta-heirt.com\/wp-content\/uploads\/2022\/12\/Escalier--850x1024.jpg 850w, https:\/\/mosta-heirt.com\/wp-content\/uploads\/2022\/12\/Escalier--768x925.jpg 768w, https:\/\/mosta-heirt.com\/wp-content\/uploads\/2022\/12\/Escalier--1275x1536.jpg 1275w, https:\/\/mosta-heirt.com\/wp-content\/uploads\/2022\/12\/Escalier--1700x2048.jpg 1700w, https:\/\/mosta-heirt.com\/wp-content\/uploads\/2022\/12\/Escalier--850x1024-680x818.jpg 680w, https:\/\/mosta-heirt.com\/wp-content\/uploads\/2022\/12\/Escalier--850x1024-640x770.jpg 640w\" sizes=\"auto, (max-width: 820px) 100vw, 820px\" \/>\n<img src=\"http:\/\/mosta-heirt.com\/wp-content\/uploads\/2018\/03\/IMG_0253-1.jpg\" width=\"640\" height=\"480\" title=\"STRUCTURES, 2016\" alt=\"Bois color\u00e9, BOZAR, Mus\u00e9e des Beaux arts, Bruxelles.\"> <h3> STRUCTURES, 2016 <\/h3> Bois color\u00e9, BOZAR, Mus\u00e9e des Beaux arts, Bruxelles.\n<img src=\"http:\/\/mosta-heirt.com\/wp-content\/uploads\/2017\/11\/Voiteur2010-2.jpg\" width=\"1023\" height=\"678\" title=\"VOITEUR, 2010\" alt=\"Bois color\u00e9, biblioth\u00e8que, (jura).\"> <h3> VOITEUR, 2010 <\/h3> Bois color\u00e9, biblioth\u00e8que, (jura).\n<img src=\"http:\/\/mosta-heirt.com\/wp-content\/uploads\/2017\/11\/IMG_2349.jpg\" width=\"2592\" height=\"1944\" title=\"COURONNE DE L&#039;AREINE, 2005.\" alt=\"Bois color\u00e9, Tissus, N\u00e9on, Galerie G. Verney-Carron, Lyon.\"> <h3> COURONNE DE L'AREINE, 2005. <\/h3> Bois color\u00e9, Tissus, N\u00e9on, Galerie G. Verney-Carron, Lyon.\n<img src=\"http:\/\/mosta-heirt.com\/wp-content\/uploads\/2017\/11\/DSC00109-1024x768-2.jpg\" width=\"1024\" height=\"768\" title=\"Z&#039;\u00c9BRAI, 2005\" alt=\"Bois color\u00e9, tissus, Mus\u00e9e de Serignan.\"> <h3> Z'\u00c9BRAI, 2005 <\/h3> Bois color\u00e9, tissus, Mus\u00e9e de Serignan.\n<img src=\"http:\/\/mosta-heirt.com\/wp-content\/uploads\/2017\/11\/img942.jpg\" width=\"3833\" height=\"2573\" title=\"2ENTROIS, 1999.\" alt=\"Bois color\u00e9, galerie Verney-Carron, lyon-villeurbanne.\"> <h3> 2ENTROIS, 1999. <\/h3> Bois color\u00e9, galerie Verney-Carron, lyon-villeurbanne.\n<img src=\"http:\/\/mosta-heirt.com\/wp-content\/uploads\/2017\/06\/g_claire-1996CMH_-1.jpg\" width=\"588\" height=\"480\" title=\"G CLAIRE, 1996.\" alt=\"Bois color\u00e9, altuglass, n\u00e9on.\"> <h3> G CLAIRE, 1996. <\/h3> Bois color\u00e9, altuglass, n\u00e9on.\n<img src=\"http:\/\/mosta-heirt.com\/wp-content\/uploads\/2017\/07\/scan-1-1.jpg\" width=\"2657\" height=\"3361\" title=\"SITRONRICH,1994.\" alt=\"M\u00e9tal altuglass et bois color\u00e9, Mus\u00e9e de Gand, Belgique.\"> <h3> SITRONRICH,1994. <\/h3> M\u00e9tal altuglass et bois color\u00e9, Mus\u00e9e de Gand, Belgique.\n<img src=\"http:\/\/mosta-heirt.com\/wp-content\/uploads\/2017\/11\/img914.jpg\" width=\"3543\" height=\"2362\" title=\"NEW FORM, IN NEW-YORK, 1985.\" alt=\"Bois color\u00e9, Mus\u00e9e de Calais. .\"> <h3> NEW FORM, IN NEW-YORK, 1985. <\/h3> Bois color\u00e9, Mus\u00e9e de Calais. .\n<img src=\"http:\/\/mosta-heirt.com\/wp-content\/uploads\/2018\/01\/File0738.jpg\" width=\"768\" height=\"498\" title=\"LE LIT ROUGE, 1983.\" alt=\"Velours bois peints, bronze et plomb, Galerie Eric Fabre, Paris.\"> <h3> LE LIT ROUGE, 1983. <\/h3> Velours bois peints, bronze et plomb, Galerie Eric Fabre, Paris.\n<img src=\"http:\/\/mosta-heirt.com\/wp-content\/uploads\/2017\/12\/conflans.jpg\" width=\"778\" title=\"CONFLANTS SAINT HONORINE, 1983.\" alt=\"Bois et couleurs,\"> <h3> CONFLANTS SAINT HONORINE, 1983. <\/h3> Bois et couleurs,\n<img src=\"http:\/\/mosta-heirt.com\/wp-content\/uploads\/2017\/11\/img715.jpg\" width=\"1535\" height=\"2144\" title=\"TRISOCLESOCL\u00c9, 1982.\" alt=\"Bois couleur et bronze Cire \u00e0 cacheter Galerie de France\"> <h3> TRISOCLESOCL\u00c9, 1982. <\/h3> Bois couleur et bronze Cire \u00e0 cacheter Galerie de France\n<img src=\"http:\/\/mosta-heirt.com\/wp-content\/uploads\/2018\/01\/File0730-2.jpg\" width=\"768\" height=\"498\" title=\"STRUCTURES, 1979.\" alt=\"Bois color\u00e9, New-York.\"> <h3> STRUCTURES, 1979. <\/h3> Bois color\u00e9, New-York.\n<img src=\"http:\/\/mosta-heirt.com\/wp-content\/uploads\/2018\/01\/File0756.jpg\" width=\"772\" height=\"496\" title=\"SANS TITRE, 2001\" alt=\"Bois color\u00e9, Tissus, Galerie Im Heppacher, Esslingen, Allemagne.\"> <h3> SANS TITRE, 2001 <\/h3> Bois color\u00e9, Tissus, Galerie Im Heppacher, Esslingen, Allemagne.\n<img src=\"http:\/\/mosta-heirt.com\/wp-content\/uploads\/2018\/03\/IMG_1100.jpg\" width=\"2448\" height=\"3264\" title=\"ANGLE, 1976\" alt=\"Bois color\u00e9, CNAP, Minist\u00e8re de l&#039;int\u00e9rieure.\"> <h3> ANGLE, 1976 <\/h3> Bois color\u00e9, CNAP, Minist\u00e8re de l'int\u00e9rieure.","_links":{"self":[{"href":"https:\/\/mosta-heirt.com\/index.php?rest_route=\/wp\/v2\/pages\/12048","targetHints":{"allow":["GET"]}}],"collection":[{"href":"https:\/\/mosta-heirt.com\/index.php?rest_route=\/wp\/v2\/pages"}],"about":[{"href":"https:\/\/mosta-heirt.com\/index.php?rest_route=\/wp\/v2\/types\/page"}],"author":[{"embeddable":true,"href":"https:\/\/mosta-heirt.com\/index.php?rest_route=\/wp\/v2\/users\/1"}],"replies":[{"embeddable":true,"href":"https:\/\/mosta-heirt.com\/index.php?rest_route=%2Fwp%2Fv2%2Fcomments&post=12048"}],"version-history":[{"count":92,"href":"https:\/\/mosta-heirt.com\/index.php?rest_route=\/wp\/v2\/pages\/12048\/revisions"}],"predecessor-version":[{"id":12695,"href":"https:\/\/mosta-heirt.com\/index.php?rest_route=\/wp\/v2\/pages\/12048\/revisions\/12695"}],"wp:attachment":[{"href":"https:\/\/mosta-heirt.com\/index.php?rest_route=%2Fwp%2Fv2%2Fmedia&parent=12048"}],"curies":[{"name":"wp","href":"https:\/\/api.w.org\/{rel}","templated":true}]}}