{"id":11851,"date":"2017-10-28T22:56:16","date_gmt":"2017-10-28T20:56:16","guid":{"rendered":"http:\/\/mosta-heirt.com\/?page_id=11851"},"modified":"2022-12-25T10:53:22","modified_gmt":"2022-12-25T09:53:22","slug":"bibliographie","status":"publish","type":"page","link":"https:\/\/mosta-heirt.com\/?page_id=11851","title":{"rendered":"Publications"},"content":{"rendered":"<!-- wp:themify-builder\/canvas \/-->","protected":false},"excerpt":{"rendered":"","protected":false},"author":1,"featured_media":0,"parent":0,"menu_order":0,"comment_status":"closed","ping_status":"closed","template":"","meta":{"footnotes":""},"class_list":["post-11851","page","type-page","status-publish","hentry","has-post-title","has-post-date","has-post-category","has-post-tag","has-post-comment","has-post-author",""],"yoast_head":"<!-- This site is optimized with the Yoast SEO plugin v26.6 - https:\/\/yoast.com\/wordpress\/plugins\/seo\/ -->\n<title>Publications - C\u00d4ME MOSTA-HEIRT<\/title>\n<meta name=\"robots\" content=\"index, follow, max-snippet:-1, max-image-preview:large, max-video-preview:-1\" \/>\n<link rel=\"canonical\" href=\"https:\/\/mosta-heirt.com\/?page_id=11851\" \/>\n<meta property=\"og:locale\" content=\"fr_FR\" \/>\n<meta property=\"og:type\" content=\"article\" \/>\n<meta property=\"og:title\" content=\"Publications - C\u00d4ME MOSTA-HEIRT\" \/>\n<meta property=\"og:url\" content=\"https:\/\/mosta-heirt.com\/?page_id=11851\" \/>\n<meta property=\"og:site_name\" content=\"C\u00d4ME MOSTA-HEIRT\" \/>\n<meta property=\"article:modified_time\" content=\"2022-12-25T09:53:22+00:00\" \/>\n<meta name=\"twitter:card\" content=\"summary_large_image\" \/>\n<script type=\"application\/ld+json\" class=\"yoast-schema-graph\">{\"@context\":\"https:\/\/schema.org\",\"@graph\":[{\"@type\":\"WebPage\",\"@id\":\"https:\/\/mosta-heirt.com\/?page_id=11851\",\"url\":\"https:\/\/mosta-heirt.com\/?page_id=11851\",\"name\":\"Publications - C\u00d4ME MOSTA-HEIRT\",\"isPartOf\":{\"@id\":\"https:\/\/mosta-heirt.com\/#website\"},\"datePublished\":\"2017-10-28T20:56:16+00:00\",\"dateModified\":\"2022-12-25T09:53:22+00:00\",\"breadcrumb\":{\"@id\":\"https:\/\/mosta-heirt.com\/?page_id=11851#breadcrumb\"},\"inLanguage\":\"fr-FR\",\"potentialAction\":[{\"@type\":\"ReadAction\",\"target\":[\"https:\/\/mosta-heirt.com\/?page_id=11851\"]}]},{\"@type\":\"BreadcrumbList\",\"@id\":\"https:\/\/mosta-heirt.com\/?page_id=11851#breadcrumb\",\"itemListElement\":[{\"@type\":\"ListItem\",\"position\":1,\"name\":\"Accueil\",\"item\":\"https:\/\/mosta-heirt.com\/\"},{\"@type\":\"ListItem\",\"position\":2,\"name\":\"Publications\"}]},{\"@type\":\"WebSite\",\"@id\":\"https:\/\/mosta-heirt.com\/#website\",\"url\":\"https:\/\/mosta-heirt.com\/\",\"name\":\"C\u00d4ME MOSTA-HEIRT\",\"description\":\"\",\"potentialAction\":[{\"@type\":\"SearchAction\",\"target\":{\"@type\":\"EntryPoint\",\"urlTemplate\":\"https:\/\/mosta-heirt.com\/?s={search_term_string}\"},\"query-input\":{\"@type\":\"PropertyValueSpecification\",\"valueRequired\":true,\"valueName\":\"search_term_string\"}}],\"inLanguage\":\"fr-FR\"}]}<\/script>\n<!-- \/ Yoast SEO plugin. -->","yoast_head_json":{"title":"Publications - C\u00d4ME MOSTA-HEIRT","robots":{"index":"index","follow":"follow","max-snippet":"max-snippet:-1","max-image-preview":"max-image-preview:large","max-video-preview":"max-video-preview:-1"},"canonical":"https:\/\/mosta-heirt.com\/?page_id=11851","og_locale":"fr_FR","og_type":"article","og_title":"Publications - C\u00d4ME MOSTA-HEIRT","og_url":"https:\/\/mosta-heirt.com\/?page_id=11851","og_site_name":"C\u00d4ME MOSTA-HEIRT","article_modified_time":"2022-12-25T09:53:22+00:00","twitter_card":"summary_large_image","schema":{"@context":"https:\/\/schema.org","@graph":[{"@type":"WebPage","@id":"https:\/\/mosta-heirt.com\/?page_id=11851","url":"https:\/\/mosta-heirt.com\/?page_id=11851","name":"Publications - C\u00d4ME MOSTA-HEIRT","isPartOf":{"@id":"https:\/\/mosta-heirt.com\/#website"},"datePublished":"2017-10-28T20:56:16+00:00","dateModified":"2022-12-25T09:53:22+00:00","breadcrumb":{"@id":"https:\/\/mosta-heirt.com\/?page_id=11851#breadcrumb"},"inLanguage":"fr-FR","potentialAction":[{"@type":"ReadAction","target":["https:\/\/mosta-heirt.com\/?page_id=11851"]}]},{"@type":"BreadcrumbList","@id":"https:\/\/mosta-heirt.com\/?page_id=11851#breadcrumb","itemListElement":[{"@type":"ListItem","position":1,"name":"Accueil","item":"https:\/\/mosta-heirt.com\/"},{"@type":"ListItem","position":2,"name":"Publications"}]},{"@type":"WebSite","@id":"https:\/\/mosta-heirt.com\/#website","url":"https:\/\/mosta-heirt.com\/","name":"C\u00d4ME MOSTA-HEIRT","description":"","potentialAction":[{"@type":"SearchAction","target":{"@type":"EntryPoint","urlTemplate":"https:\/\/mosta-heirt.com\/?s={search_term_string}"},"query-input":{"@type":"PropertyValueSpecification","valueRequired":true,"valueName":"search_term_string"}}],"inLanguage":"fr-FR"}]}},"builder_content":"<p><strong>Catalogues et articles<\/strong><\/p><p>\u00a0<\/p><p><strong>2014\u00a0:<\/strong> Fr\u00e9d\u00e9ric Vincent, Par-del\u00e0 la Peinture, in Catalogue Par-del\u00e0 la Peinture, Paris, Immanence \u00e9ditions, pp. 7-31.<\/p><p><strong>2012\u00a0:<\/strong> Alice Morgaine, <i>J\u2019aime trop Baugin<\/i>,in Catalogue <i>C\u00f4me Mosta-Heirt, J\u2019aime trop Baugin<\/i>, La Verri\u00e8re, Herm\u00e8s, Bruxelles.<\/p><p><b>2010 <\/b>: Michel Nuridsany, <i>L\u2019innommable<\/i>, in catalogue <\/p><p><i>Pi\u00e8ces mont(r)\u00e9es<\/i> Granville Gallery, Paris, pp. 3-4. <\/p><p>Jean-Louis Poitevin, <i>L\u2019espace en partage<\/i>, in catalogue <\/p><p><i>Pi\u00e8ces mont(r)\u00e9es<\/i>, Granville Gallery, Paris, pp. 7-9.<\/p><p><b>2004 <\/b>: <i>Entretien avec Dominique Lagorgette<\/i>, in catalogue <\/p><p><i>Sans Jambage<\/i>, Galerie Verney-Carron, Villeurbanne, 2004. <\/p><p><b>1999 <\/b>: Judith Brouste, <i>C\u00f4me Mosta-Heirt, je suis l\u2019autre<\/i>, <\/p><p>in Art Press N\u00b0246, 1999.<\/p><p><b>1994 <\/b>: Catherine Francblin, <i>L\u2019Energie transform\u00e9e de C\u00f4me <\/i><\/p><p><i>Mosta-Heirt<\/i>, in catalogue <i>C\u00f4me Mosta-Heirt<\/i>, Centre d\u2019Art <\/p><p>Contemporain de Vassivi\u00e8re en Limousin, pp. 25- 30. <\/p><p><b>1986 <\/b>: Catherine Grout, <i>Sculpture in France<\/i>, Flash Art <\/p><p>International, Milan, N\u00b0125, Janv. pp. 66-69.<\/p><p>Catalogue <i>New visions in Contemporary Art<\/i>, R.S.M. Collection in Cincinnati Art Museum.<\/p><p><i>Sculptures dans la ville<\/i>, CNAC Magazine, Paris, N\u00b034,p.21.<\/p><p>Catherine Francblin,<i>Les esculturas policromes de C\u00f4me Mosta-Heirt<\/i>, in catalogue Galerie Metronom, Barcelone, pp. 28-29.<\/p><p>Maria Lluisa Borras, <i>Artistas de Dijon en Metronom<\/i>, La Vanguardia, Barcelone.<\/p><p>Catalogue <i>\u00c0 Pierre et Marie, une exposition en travaux, juin 82, <\/i><\/p><p><i>octobre 84<\/i>, Paris.<\/p><p>Ouvrage Collectif, <i>Vingt cinq ans d\u2019art en France<\/i>, Larousse, Paris, 1986, pp. 245-253.<\/p><p><b>1985 <\/b>: Evelyne Doroth\u00e9e Allemand in catalogue <i>C\u00f4me Mosta-Heirt<\/i>, Calais, Mus\u00e9e des Beaux-Arts. <i>Les sculptures de C\u00f4me Mosta-Heirt<\/i>, Le Nord littoral, Calais.<\/p><p>Claude Marneffe, <i>Le sculteur havrais C\u00f4me Mosta-Heirt a cr\u00e9\u00e9 une \u00e9trave pour le Mus\u00e9e de Calais<\/i>, Le Nord Littoral, Calais.<\/p><p>Michel Nuridsany, <i>C\u00f4me Mosta-Heirt : multiple splendeur<\/i>, Le Figaro, Paris 26 avril, p.35.<\/p><p><i>Au Mus\u00e9e des Beaux-Arts, les sculptures de C\u00f4me Mosta-Heirt<\/i>, La Voix du Nord, 18avril.<\/p><p>Actuel, Paris, N\u00b067, mai.<\/p><p>La Gazette de l\u2019H\u00f4tel Drouot, Paris, 21-24 mai.<\/p><p>Catherine Francblin, <i>Interview, les sculptures polychromes de C\u00f4me Mosta-Heirt<\/i>, Art Press, Paris, No 93, juin, pp. 24-26. <\/p><p>Fernand Rollet, <i>Au Mus\u00e9e de Calais, sculptures de C\u00f4me Mosta-Heirt, un survivant des \u00e2ges de la main<\/i>, La Voix du Nord, 4 juin. <\/p><p>Aude Voyleth, <i>Rendez-vous : exposition Klee, Mosta-Heirt et travail sur papier<\/i>, Harper\u2019s Bazar, New York, mai-juin. El, l\u2019Ev\u00e9nement du jeudi, Paris, No 31, 6-12 juin. <\/p><p><b>1984 <\/b>:M.Dector et M.Dupuy, <i>Entretien chez le sculpteur, rencontre avec C\u00f4me Mosta-Heirt<\/i>, SIC, N\u00b06, f\u00e9vrier.<\/p><p>Catalogue <i>Extramuros<\/i>, Lille, Jardin des Plantes.<\/p><p>Claire Stoulig,<i>La sculpture de C\u00f4me Mosta-Heirt<\/i>, Public,Paris,N\u00b01, mai-otc., pp.23 et 65.<\/p><p><i>Art Prospect<\/i>, Flash Art France, Milan N\u00b06<\/p><p>Catalogue de l\u2019exposition <i>C\u00f4me Mosta-Heirt<\/i>, Ch\u00e2teau de Vassivi\u00e8re.<\/p><p><b>1983 <\/b>: Christian Sclatter, <i>De l\u2019avant-garde toute chose... C\u00f4me Mosta- Heirt : violence des outils, sensualit\u00e9 des mat\u00e9riaux<\/i>, Vogue, Paris, juin, p.16.<\/p><p>Michel Nuridsany, <i>C\u00f4me Mosta-Heirt, totems sans tabous<\/i>, Le Figaro, Paris, 25-26 juin, p.25.<\/p><p>Catherine Francblin, <i>Nicole Stenger et C\u00f4me Mosta-Heirt<\/i>, le Quotidien de Paris, 30 juin, p.30. <\/p><p>Anne Richard, <i>C\u00f4me Mosta-Heirt : couleur et volume<\/i>, Opus International, Paris, No 89, juillet, pp. 36-38. <\/p><p><i>Sculptur und Farbe II<\/i>, Bild Anthologie, Kunstforum, juin, pp. 114-143. <\/p><p>Michel Nuridsany, <i>C\u00f4me Mosta-Heirt, Galerie Eric Fabre<\/i>,Art Press, Paris, N\u00b073,Setp.p.50<\/p><p>G\u00e9rard-Georges Lemaire Flash Art France, Milan, pp.50-51.<\/p><p>Catalogue <i>Diagonale<\/i>, Anvers, Entrep\u00f4ts Mont\u00e9vid\u00e9o.<\/p><p>Catalogue d\u2019exposition Conflans Sainte-Honorine, Maison pour tous. <\/p><p><i>Sculpture moderne<\/i>,_ _<i>Michel Rocard inaugure l\u2019exposition de la M.J.C<\/i>, L\u2019Avenir, Conflans, 7 d\u00e9c. <\/p><p>Marcel-Andr\u00e9 Stalter, in catalogue <i>Acquisitions 83<\/i>, F.R.A.C. Nord-Pas-de-Calais.<\/p><p><b>1982 <\/b>: Madeleine Deschamps, in catalogue <i>Sols, voutes, espaces entre eux<\/i>, Paris, American Center.<\/p><p>G\u00e9rard-Georges Lemaire<i> C\u00f4me Mosta-Heirt, + - 0<\/i>,Genvaldlacke, N\u00b035, mai, pp. 25-26.<\/p><p>Laurence Imbernon,<i>Tout va bien : comme la peinture en 1970<\/i>, Artiste, Paris N\u00b013, Oct-Nov, pp.56-66.<\/p><p><b>1981 <\/b>: Claire Stoulig, in catalogue <i>Nature du dessin<\/i>,Paris, MNAM, Centre G. Pompidou.<\/p><p>Nadine Coleno, <i>C\u00f4me Mosta-Heirt<\/i>, Paris Reporter, Paris, F\u00e9vrier.<\/p><p><i>C\u00f4me Mosta-Heirt<\/i>, canalmanach, Paris,N\u00b045,F\u00e9vrier.<\/p><p>Jean-Marc Pr\u00e9vost, <i>C\u00f4me Mosta-Heirt, Eric Fabre\/Paris<\/i>,Flash Art International, Milan, N\u00b0102, mars-avril, pp. 46-50.<\/p><p>Anne Dagbert, <i>C\u00f4me Mosta-Heirt, Galerie Eric Fabre<\/i>, Art Press Paris, N\u00b047,avril,p.43.<\/p><p><b>1980 <\/b>: Catherine Francblin, <i>C\u00f4me Mosta-Heirt<\/i>, Art Press, Paris, N\u00b035, mars, p.18.<\/p><p><b>1979 <\/b>: G\u00e9rard-Georges Lemaire, <i>Le fil et le plomb, essai sur l\u2019oeuvre de C\u00f4me Mosta-Heirt<\/i>, Impasses, Gordon, no 13\/14, juin, pp. 81-91. <\/p><p><b>1978 <\/b>: Claire Stoulig, <i>C\u00f4me Mosta-Heirt<\/i>, Arc2, Mus\u00e9e d\u2019Art Moderne de la ville de Paris, Art Press,Paris,N\u00b015,f\u00e9vrier.<\/p><p>G\u00e9rard-Georges Lemaire, <i>Mutinerie dans l\u2019avant-garde fran\u00e7aise, nos jeunes peintres cr\u00e9ent l\u2019\u00e9v\u00e9nement Janapa<\/i>, Le Quotidien de Paris, Paris, 10 mars,p.16.<\/p><p>Sylvain Lecombre,<i>Bonnefoi, Dunoyer, semeraro, Vilmouth, <\/i><\/p><p><i>Mosta-Heirt, <\/i>Art Press,Paris, N\u00b017, avril,p.43.<\/p><p>Yves-Alain Bois,<i>Investir et inscrire un espace<\/i>,Canal,Paris,N\u00b015, mars\/avril,p.11.<\/p><p>Marie-Louise Syring, <i>Art-performances minute, Der andere Blick und die alte Kunst<\/i>, Du, Z\u00fcrich, d\u00e9cembre.<\/p><p><b>1977 <\/b>: G\u00e9rard-Georges Lemaire,<i>C\u00f4me Mosta-Heirt, <\/i>Opus International,Paris,N\u00b061-62, Jan\/f\u00e9v.pp.47-48.<\/p><p>Thierry Chabanne, <i>Une probl\u00e9matique de l\u2019angle<\/i>,Info-artitude,Saint-Jeannet, No 14, janv. <\/p><p>Flash-art, Milan, No 70-71, janv\/f\u00e9v. <\/p><p><i>Quatres Sculpteurs \u00e0 l\u2019oeil 2000 : J.L. Gerbaud, A. Kirili, A. Gerbault et Mosta-Heirt<\/i>, L\u2019\u00e9cho du Centre, Ch\u00e2teauroux, juin. <\/p><p>Ma\u00eften Bouisset, <i>\u00c0 l\u2019Arc, les nouvelles tendances de l\u2019abstraction<\/i>, Le Matin, Paris, d\u00e9c.<\/p><p>Genevi\u00e8ve Breerette, Le Repli, Le Monde, Paris, 29 nov.<\/p><p><b>1976 <\/b>: Ma\u00eften Bouisset, <i>Plusieurs silences<\/i>, Le Quotidien de Paris, Paris, f\u00e9v.<\/p><p>G\u00e9rard-Georges Lemaire, <i>C\u00f4me Mosta-Heirt, <\/i>La Rel\u00e8ve, Bruxelles, oct. p.8.<\/p><p><b>1975 <\/b>: Genevi\u00e8ve Breerette, <i>Mosta-Heirt, au fil de l\u2019espace, <\/i>Le Monde, Paris, janv. in catalogue Galerie \u00c9tienne de Causans, Paris. <\/p>\n<p><b>Ecrits d\u2019artiste <\/b><\/p><p>\u00a0<\/p><p><b>2010 <\/b>: Pi\u00e8ces mont(r)\u00e9es, in catalogue<\/p><p><i>Pi\u00e8ces mont(r)\u00e9es<\/i>, Granville Gallery, Paris,pp.10-11.<\/p><p><b>2007 <\/b>: <i>L\u2019emprise du lieu<\/i>, Beaux-Arts Magazine, N\u00b0 Sp\u00e9cial.<\/p><p><b>2004 <\/b>: <i>Sans Jambage<\/i>, in catalogue <i>Sans Jambage<\/i>, Galerie Verney-Carron, Villeurbanne, 2004.<\/p><p><b>1994 <\/b>: <i>Le poids de la transparence<\/i>, in catalogue <i>C\u00f4me Mosta-Heirt<\/i>, Galerie Art\u2019O, Aubervilliers.<\/p><p><b>1985 <\/b>: <i>La couleur fait le poids<\/i>, in catalogue <i>Sculptures en ciment du Nig\u00e9ria de S.J Akpan et A O Akpan<\/i>, Paris, Afaa.<\/p><p><b>1983 <\/b>: C\u00f4me Mosta-Heirt, in catalogue <i>ARC 1973-1983<\/i>, ARC, Mus\u00e9e d\u2019Art Moderne de la ville de Paris, p.108.<\/p><p><b>1980 <\/b>: <i>The man hit the ball<\/i>, L\u2019Enemi, Paris, Sept.<\/p><p><b>1982 <\/b>: <i>Lazlo Peri<\/i>, Opus International, N\u00b083.<\/p><p><b>1978 <\/b>: <i>Intervention<\/i>, Sgraffite, Paris. <i>Dessins effectu\u00e9s \u00e0 partir de la sculpture Snake is out de Tony Smith<\/i>,in catalogue, Janapa, Paris.<\/p><p><b>1977 <\/b>: <i>C\u00f4me Mosta-Heirt<\/i>, in catalogue <i>Travaux\/Paris 77<\/i>, ARC, Mus\u00e9e d\u2019Art \u00a0Moderne de la ville de Paris.<\/p>","_links":{"self":[{"href":"https:\/\/mosta-heirt.com\/index.php?rest_route=\/wp\/v2\/pages\/11851","targetHints":{"allow":["GET"]}}],"collection":[{"href":"https:\/\/mosta-heirt.com\/index.php?rest_route=\/wp\/v2\/pages"}],"about":[{"href":"https:\/\/mosta-heirt.com\/index.php?rest_route=\/wp\/v2\/types\/page"}],"author":[{"embeddable":true,"href":"https:\/\/mosta-heirt.com\/index.php?rest_route=\/wp\/v2\/users\/1"}],"replies":[{"embeddable":true,"href":"https:\/\/mosta-heirt.com\/index.php?rest_route=%2Fwp%2Fv2%2Fcomments&post=11851"}],"version-history":[{"count":8,"href":"https:\/\/mosta-heirt.com\/index.php?rest_route=\/wp\/v2\/pages\/11851\/revisions"}],"predecessor-version":[{"id":12595,"href":"https:\/\/mosta-heirt.com\/index.php?rest_route=\/wp\/v2\/pages\/11851\/revisions\/12595"}],"wp:attachment":[{"href":"https:\/\/mosta-heirt.com\/index.php?rest_route=%2Fwp%2Fv2%2Fmedia&parent=11851"}],"curies":[{"name":"wp","href":"https:\/\/api.w.org\/{rel}","templated":true}]}}