{"id":11445,"date":"2017-07-12T14:03:11","date_gmt":"2017-07-12T12:03:11","guid":{"rendered":"http:\/\/mosta-heirt.com\/?page_id=11445"},"modified":"2026-02-14T11:12:32","modified_gmt":"2026-02-14T10:12:32","slug":"biographie","status":"publish","type":"page","link":"https:\/\/mosta-heirt.com\/?page_id=11445","title":{"rendered":"Biographie"},"content":{"rendered":"<!-- wp:themify-builder\/canvas \/-->\n\n<!--themify_builder_static--><p><b>C\u00f4me Mosta-Heirt<\/b> est un artiste fran\u00e7ais, n\u00e9 en 1946, au Havre. Il travaille et vit \u00e0 Paris.<\/p>Etudes aux Beaux-Arts de Paris,Diplom\u00e9 de L\u2019Ecole du Louvre,DEA d\u2019Arts Plastiques \u00e0 Paris1(Panth\u00e9on\/Sorbonne)<p>C\u00f4me Mosta-Heirt travaille sur les relations qu&rsquo;entretiennent des volumes color\u00e9s avec l\u2019espace, ainsi qu&rsquo;une \u0153uvre de dessins et de vid\u00e9o.<\/p><p>\u00a0<\/p>\n<p><strong>Expositions personnelles :<\/strong><\/p> <p>\u00a0<\/p> <p>&#8211; Galerie Eric Dupont, <em>Couleurs et\u00a0 transparences<\/em>, 2022.<\/p> <p>&#8211; Galerie Eric Dupont, <em>En vert et contre tout<\/em>, 2019.\u00a0<\/p> <p>&#8211; Sorbonne Art Gallery Paris, 2018.<\/p> <p>&#8211; Granville Gallery, Paris, 2010, 2014, 2016.<\/p> <p>&#8211; Immanence, Paris, 2014.<\/p> <p>&#8211; Fondation Wilmotte, Venise, 2013.<\/p> <p>&#8211; La Verriere, fondation Hermes Bruxelles<small>\u00a0[archive]<\/small>, 2012.<\/p> <p>&#8211; Domaine de Chaumont, Loire 2010.<\/p> <p>&#8211; Mus\u00e9e de Serignan, 2005.<\/p> <p>&#8211; Verney-Carron, Lyon, 1996, 2004, 2009.<\/p> <p>&#8211; Mok sok won, Cheju, Cor\u00e9e 2002.<\/p> <p>&#8211; W\u00fcrttembergischer Kunstverein, Stuttgart, 2001.<\/p> <p>&#8211; Galerie Im Heppacher Esslingen Allemagne, 2001.<\/p> <p>&#8211; Site Odeon 5, Paris 1999.<\/p> <p>&#8211; Centre d\u2019art de Vassiviere, 1994.<\/p> <p>&#8211; Biennale de Venise, 1988.<\/p> <p>&#8211; Mus\u00e9e du Havre 1987.<\/p> <p>&#8211; Galerie de France, 1987.<\/p> <p>&#8211; Mus\u00e9e de Calais, 1985,<\/p> <p>&#8211; Galerie Micheline Szwajcer, Anvers, 1983.<\/p> <p>&#8211; Galerie \u00c9ric Fabre en 1974, 1977, 1981-1983.<\/p> <p>&#8211; Mus\u00e9e National d\u2019art Moderne Centre Pompidou, 1981.<\/p> <p>&#8211; C space, New-York, 1979.<\/p> <p>&#8211; Galerie Hal Bromm, 1979.<\/p> <p>&#8211; Vienne, Modern art galerie (Autriche), 1979.<\/p> <p>Voyage en Afrique en Afghanistan, Iran, URSS,<\/p> <p>&#8211; Mus\u00e9e d\u2019art moderne de la ville de Paris, 1977.<\/p> <p>\u00a0<\/p> <p>\u00a0<\/p>\n<p><strong>Expositions collectives :<\/strong><\/p> <p>2026, <em>De Toute les couleurs<\/em>. Eric Dupont.<\/p> <p>2025, Galerie Dutko, \u00ab\u00a0Max Weschler, Chemins Crois\u00e9s\u00a0\u00bb, Paris.<\/p> <p>\u00a0 \u00a0 \u00a0 \u00a0 \u00a0 \u00a0 Le Silo. nouvel accrochage. Val d&rsquo;Oise.<\/p> <p>\u00a0 \u00a0 \u00a0 \u00a0 \u00a0 \u00a0 Drawing Now, Galerie Eric Dupont, Paris.<\/p> <p>\u00a0 \u00a0 \u00a0 \u00a0 \u00a0 \u00a0 Festival C\u00f4t\u00e9 Courts, Pantin.<\/p> <p>\u00a0 \u00a0 \u00a0 \u00a0 \u00a0 \u00a0 Galerie Immanence, Cartes Postales et Mail-Art. Paris.<\/p> <p>2024, Le Silo, Collection Billarant.<\/p> <p>\u00a0 \u00a0 \u00a0 \u00a0 \u00a0 \u201cAs you Wish\u201c, Galerie Eric Dupont Paris\u00a0<\/p> <p>2023, \u00a0Frac d\u2019Ile de France<\/p> <p>\u00a0 \u00a0 \u00a0 \u00a0 \u00a0 \u00a0 Immanence Paris<\/p> <p>2022, \u00a0Mus\u00e9e de Serignan.<\/p> <p>\u00a0 \u00a0 \u00a0 \u00a0 \u00a0 \u00a0 Mus\u00e9e de Tourcoing.<\/p> <p>2018, Domaine de Chaumont sur Loire.<\/p> <p>2016, <em>Fresque<\/em>, Bozar, Bruxelles<\/p> <p>2012,<em> One Piece at a Time,<\/em> avec M. Verjux, F. Varini, B. Sabatier. Point \u00e9ph\u00e9m\u00e8re, Paris.<\/p> <p>2011, Autour du groupe MADI, Mus\u00e9e d\u2019Art et d\u2019Histoire, Cholet<\/p> <p>2010, Festival C\u00f4t\u00e9\/Court, Film-Projektionen, Cin\u00e9 104, Pantin. Paris.<\/p> <p>2008, Mus\u00e9e des Beaux-Arts, Tourcoing.<\/p> <p>2007, <em>L\u2019Emprise du Lieu 4<\/em>, Domaine Pommery, Reims, Kurator : Daniel Buren<\/p> <p>2002, Museum of National University, Seoul (S\u00fcdkorea)<\/p> <p>1998, CAAC, Aix-en-Provence<\/p> <p>Bilan 1991-1998, Centre d\u2019Art Contemporain de Vassivi\u00e8re en Limousin<\/p> <p>1997, Galerie Georges Verney-Carron, Lyon-Villeurbanne<\/p> <p>1994, Museum van Hedendaagse Kunst, Gent (Belgien)<\/p> <p>Parc du Ch\u00e2teau de Bailleul, Seine-Maritime<\/p> <p>1989, Galerie Montenay, Paris<\/p> <p>1988, Biennale von Venedig (Italien)<\/p> <p>1987, Galerie de France, Paris<\/p> <p>1986, The Art Museum, Cincinnati (USA)<\/p> <p>1985, Chapelle de la Salp\u00eatri\u00e8re, Paris<\/p> <p>1984, Extra Muros, Jardin des Plantes, Lille<\/p> <p>1983, Diagonale, Entrep\u00f4t Montevideo, Antwerpen (Belgien)<\/p> <p>1982, Centre Culturel Am\u00e9ricain, Paris<\/p> <p>1981, Nature du Dessin, Mus\u00e9e National d\u2019Art Moderne, Centre Georges Pompidou, Paris<\/p> <p>1979, Drawing, Hal Bromm Gallery, New York (USA)<\/p> <p>1977, Travaux\/Paris 77, ARC, Mus\u00e9e d\u2019Art Moderne de la Ville de Paris<\/p> <p>Galerie Mollet-Vi\u00e9ville, Paris<\/p> <p>1976, Galerie G\u00e9rald Piltzer, Paris<\/p> <p>Galerie Mantra, Turin (Italien)<\/p> <p>1975, Galerie Morone 6, Mailand (Italien)<\/p> <p>Galerie Etienne de Causans (Paris)<\/p> <p>1973, Salon des Arts, Tunis (Tunesien).<\/p> <p>1970, Maison de la Culture, Grenoble.<\/p> <p>Galerie Jacques Bonnefoux, Paris.<\/p><!--\/themify_builder_static-->","protected":false},"excerpt":{"rendered":"<p>C\u00f4me Mosta-Heirt est un artiste fran\u00e7ais, n\u00e9 en 1946, au Havre. Il travaille et vit \u00e0 Paris. Etudes aux Beaux-Arts de Paris,Diplom\u00e9 de L\u2019Ecole du Louvre,DEA d\u2019Arts Plastiques \u00e0 Paris1(Panth\u00e9on\/Sorbonne) C\u00f4me Mosta-Heirt travaille sur les relations qu&rsquo;entretiennent des volumes color\u00e9s avec l\u2019espace, ainsi qu&rsquo;une \u0153uvre de dessins et de vid\u00e9o. \u00a0 Expositions personnelles : \u00a0 [&hellip;]<\/p>\n","protected":false},"author":1,"featured_media":0,"parent":0,"menu_order":0,"comment_status":"closed","ping_status":"closed","template":"","meta":{"footnotes":""},"class_list":["post-11445","page","type-page","status-publish","hentry","has-post-title","has-post-date","has-post-category","has-post-tag","has-post-comment","has-post-author",""],"yoast_head":"<!-- This site is optimized with the Yoast SEO plugin v26.6 - https:\/\/yoast.com\/wordpress\/plugins\/seo\/ -->\n<title>Biographie - C\u00d4ME MOSTA-HEIRT<\/title>\n<meta name=\"robots\" content=\"index, follow, max-snippet:-1, max-image-preview:large, max-video-preview:-1\" \/>\n<link rel=\"canonical\" href=\"https:\/\/mosta-heirt.com\/?page_id=11445\" \/>\n<meta property=\"og:locale\" content=\"fr_FR\" \/>\n<meta property=\"og:type\" content=\"article\" \/>\n<meta property=\"og:title\" content=\"Biographie - C\u00d4ME MOSTA-HEIRT\" \/>\n<meta property=\"og:description\" content=\"C\u00f4me Mosta-Heirt est un artiste fran\u00e7ais, n\u00e9 en 1946, au Havre. Il travaille et vit \u00e0 Paris. Etudes aux Beaux-Arts de Paris,Diplom\u00e9 de L\u2019Ecole du Louvre,DEA d\u2019Arts Plastiques \u00e0 Paris1(Panth\u00e9on\/Sorbonne) C\u00f4me Mosta-Heirt travaille sur les relations qu&rsquo;entretiennent des volumes color\u00e9s avec l\u2019espace, ainsi qu&rsquo;une \u0153uvre de dessins et de vid\u00e9o. \u00a0 Expositions personnelles : \u00a0 [&hellip;]\" \/>\n<meta property=\"og:url\" content=\"https:\/\/mosta-heirt.com\/?page_id=11445\" \/>\n<meta property=\"og:site_name\" content=\"C\u00d4ME MOSTA-HEIRT\" \/>\n<meta property=\"article:modified_time\" content=\"2026-02-14T10:12:32+00:00\" \/>\n<meta name=\"twitter:card\" content=\"summary_large_image\" \/>\n<meta name=\"twitter:label1\" content=\"Dur\u00e9e de lecture estim\u00e9e\" \/>\n\t<meta name=\"twitter:data1\" content=\"3 minutes\" \/>\n<script type=\"application\/ld+json\" class=\"yoast-schema-graph\">{\"@context\":\"https:\/\/schema.org\",\"@graph\":[{\"@type\":\"WebPage\",\"@id\":\"https:\/\/mosta-heirt.com\/?page_id=11445\",\"url\":\"https:\/\/mosta-heirt.com\/?page_id=11445\",\"name\":\"Biographie - C\u00d4ME MOSTA-HEIRT\",\"isPartOf\":{\"@id\":\"https:\/\/mosta-heirt.com\/#website\"},\"datePublished\":\"2017-07-12T12:03:11+00:00\",\"dateModified\":\"2026-02-14T10:12:32+00:00\",\"breadcrumb\":{\"@id\":\"https:\/\/mosta-heirt.com\/?page_id=11445#breadcrumb\"},\"inLanguage\":\"fr-FR\",\"potentialAction\":[{\"@type\":\"ReadAction\",\"target\":[\"https:\/\/mosta-heirt.com\/?page_id=11445\"]}]},{\"@type\":\"BreadcrumbList\",\"@id\":\"https:\/\/mosta-heirt.com\/?page_id=11445#breadcrumb\",\"itemListElement\":[{\"@type\":\"ListItem\",\"position\":1,\"name\":\"Accueil\",\"item\":\"https:\/\/mosta-heirt.com\/\"},{\"@type\":\"ListItem\",\"position\":2,\"name\":\"Biographie\"}]},{\"@type\":\"WebSite\",\"@id\":\"https:\/\/mosta-heirt.com\/#website\",\"url\":\"https:\/\/mosta-heirt.com\/\",\"name\":\"C\u00d4ME MOSTA-HEIRT\",\"description\":\"\",\"potentialAction\":[{\"@type\":\"SearchAction\",\"target\":{\"@type\":\"EntryPoint\",\"urlTemplate\":\"https:\/\/mosta-heirt.com\/?s={search_term_string}\"},\"query-input\":{\"@type\":\"PropertyValueSpecification\",\"valueRequired\":true,\"valueName\":\"search_term_string\"}}],\"inLanguage\":\"fr-FR\"}]}<\/script>\n<!-- \/ Yoast SEO plugin. -->","yoast_head_json":{"title":"Biographie - C\u00d4ME MOSTA-HEIRT","robots":{"index":"index","follow":"follow","max-snippet":"max-snippet:-1","max-image-preview":"max-image-preview:large","max-video-preview":"max-video-preview:-1"},"canonical":"https:\/\/mosta-heirt.com\/?page_id=11445","og_locale":"fr_FR","og_type":"article","og_title":"Biographie - C\u00d4ME MOSTA-HEIRT","og_description":"C\u00f4me Mosta-Heirt est un artiste fran\u00e7ais, n\u00e9 en 1946, au Havre. Il travaille et vit \u00e0 Paris. Etudes aux Beaux-Arts de Paris,Diplom\u00e9 de L\u2019Ecole du Louvre,DEA d\u2019Arts Plastiques \u00e0 Paris1(Panth\u00e9on\/Sorbonne) C\u00f4me Mosta-Heirt travaille sur les relations qu&rsquo;entretiennent des volumes color\u00e9s avec l\u2019espace, ainsi qu&rsquo;une \u0153uvre de dessins et de vid\u00e9o. \u00a0 Expositions personnelles : \u00a0 [&hellip;]","og_url":"https:\/\/mosta-heirt.com\/?page_id=11445","og_site_name":"C\u00d4ME MOSTA-HEIRT","article_modified_time":"2026-02-14T10:12:32+00:00","twitter_card":"summary_large_image","twitter_misc":{"Dur\u00e9e de lecture estim\u00e9e":"3 minutes"},"schema":{"@context":"https:\/\/schema.org","@graph":[{"@type":"WebPage","@id":"https:\/\/mosta-heirt.com\/?page_id=11445","url":"https:\/\/mosta-heirt.com\/?page_id=11445","name":"Biographie - C\u00d4ME MOSTA-HEIRT","isPartOf":{"@id":"https:\/\/mosta-heirt.com\/#website"},"datePublished":"2017-07-12T12:03:11+00:00","dateModified":"2026-02-14T10:12:32+00:00","breadcrumb":{"@id":"https:\/\/mosta-heirt.com\/?page_id=11445#breadcrumb"},"inLanguage":"fr-FR","potentialAction":[{"@type":"ReadAction","target":["https:\/\/mosta-heirt.com\/?page_id=11445"]}]},{"@type":"BreadcrumbList","@id":"https:\/\/mosta-heirt.com\/?page_id=11445#breadcrumb","itemListElement":[{"@type":"ListItem","position":1,"name":"Accueil","item":"https:\/\/mosta-heirt.com\/"},{"@type":"ListItem","position":2,"name":"Biographie"}]},{"@type":"WebSite","@id":"https:\/\/mosta-heirt.com\/#website","url":"https:\/\/mosta-heirt.com\/","name":"C\u00d4ME MOSTA-HEIRT","description":"","potentialAction":[{"@type":"SearchAction","target":{"@type":"EntryPoint","urlTemplate":"https:\/\/mosta-heirt.com\/?s={search_term_string}"},"query-input":{"@type":"PropertyValueSpecification","valueRequired":true,"valueName":"search_term_string"}}],"inLanguage":"fr-FR"}]}},"builder_content":"<p><b>C\u00f4me Mosta-Heirt<\/b> est un artiste fran\u00e7ais, n\u00e9 en 1946, au Havre. Il travaille et vit \u00e0 Paris.<\/p>Etudes aux Beaux-Arts de Paris,Diplom\u00e9 de L\u2019Ecole du Louvre,DEA d\u2019Arts Plastiques \u00e0 Paris1(Panth\u00e9on\/Sorbonne)<p>C\u00f4me Mosta-Heirt travaille sur les relations qu'entretiennent des volumes color\u00e9s avec l\u2019espace, ainsi qu'une \u0153uvre de dessins et de vid\u00e9o.<\/p><p>\u00a0<\/p>\n<p><strong>Expositions personnelles :<\/strong><\/p> <p>\u00a0<\/p> <p>- Galerie Eric Dupont, <em>Couleurs et\u00a0 transparences<\/em>, 2022.<\/p> <p>- Galerie Eric Dupont, <em>En vert et contre tout<\/em>, 2019.\u00a0<\/p> <p>- Sorbonne Art Gallery Paris, 2018.<\/p> <p>- Granville Gallery, Paris, 2010, 2014, 2016.<\/p> <p>- Immanence, Paris, 2014.<\/p> <p>- Fondation Wilmotte, Venise, 2013.<\/p> <p>- La Verriere, fondation Hermes Bruxelles<small>\u00a0[archive]<\/small>, 2012.<\/p> <p>- Domaine de Chaumont, Loire 2010.<\/p> <p>- Mus\u00e9e de Serignan, 2005.<\/p> <p>- Verney-Carron, Lyon, 1996, 2004, 2009.<\/p> <p>- Mok sok won, Cheju, Cor\u00e9e 2002.<\/p> <p>- W\u00fcrttembergischer Kunstverein, Stuttgart, 2001.<\/p> <p>- Galerie Im Heppacher Esslingen Allemagne, 2001.<\/p> <p>- Site Odeon 5, Paris 1999.<\/p> <p>- Centre d\u2019art de Vassiviere, 1994.<\/p> <p>- Biennale de Venise, 1988.<\/p> <p>- Mus\u00e9e du Havre 1987.<\/p> <p>- Galerie de France, 1987.<\/p> <p>- Mus\u00e9e de Calais, 1985,<\/p> <p>- Galerie Micheline Szwajcer, Anvers, 1983.<\/p> <p>- Galerie \u00c9ric Fabre en 1974, 1977, 1981-1983.<\/p> <p>- Mus\u00e9e National d\u2019art Moderne Centre Pompidou, 1981.<\/p> <p>- C space, New-York, 1979.<\/p> <p>- Galerie Hal Bromm, 1979.<\/p> <p>- Vienne, Modern art galerie (Autriche), 1979.<\/p> <p>Voyage en Afrique en Afghanistan, Iran, URSS,<\/p> <p>- Mus\u00e9e d\u2019art moderne de la ville de Paris, 1977.<\/p> <p>\u00a0<\/p> <p>\u00a0<\/p>\n<p><strong>Expositions collectives :<\/strong><\/p> <p>2026, <em>De Toute les couleurs<\/em>. Eric Dupont.<\/p> <p>2025, Galerie Dutko, \"Max Weschler, Chemins Crois\u00e9s\", Paris.<\/p> <p>\u00a0 \u00a0 \u00a0 \u00a0 \u00a0 \u00a0 Le Silo. nouvel accrochage. Val d'Oise.<\/p> <p>\u00a0 \u00a0 \u00a0 \u00a0 \u00a0 \u00a0 Drawing Now, Galerie Eric Dupont, Paris.<\/p> <p>\u00a0 \u00a0 \u00a0 \u00a0 \u00a0 \u00a0 Festival C\u00f4t\u00e9 Courts, Pantin.<\/p> <p>\u00a0 \u00a0 \u00a0 \u00a0 \u00a0 \u00a0 Galerie Immanence, Cartes Postales et Mail-Art. Paris.<\/p> <p>2024, Le Silo, Collection Billarant.<\/p> <p>\u00a0 \u00a0 \u00a0 \u00a0 \u00a0 \u201cAs you Wish\u201c, Galerie Eric Dupont Paris\u00a0<\/p> <p>2023, \u00a0Frac d\u2019Ile de France<\/p> <p>\u00a0 \u00a0 \u00a0 \u00a0 \u00a0 \u00a0 Immanence Paris<\/p> <p>2022, \u00a0Mus\u00e9e de Serignan.<\/p> <p>\u00a0 \u00a0 \u00a0 \u00a0 \u00a0 \u00a0 Mus\u00e9e de Tourcoing.<\/p> <p>2018, Domaine de Chaumont sur Loire.<\/p> <p>2016, <em>Fresque<\/em>, Bozar, Bruxelles<\/p> <p>2012,<em> One Piece at a Time,<\/em> avec M. Verjux, F. Varini, B. Sabatier. Point \u00e9ph\u00e9m\u00e8re, Paris.<\/p> <p>2011, Autour du groupe MADI, Mus\u00e9e d\u2019Art et d\u2019Histoire, Cholet<\/p> <p>2010, Festival C\u00f4t\u00e9\/Court, Film-Projektionen, Cin\u00e9 104, Pantin. Paris.<\/p> <p>2008, Mus\u00e9e des Beaux-Arts, Tourcoing.<\/p> <p>2007, <em>L\u2019Emprise du Lieu 4<\/em>, Domaine Pommery, Reims, Kurator : Daniel Buren<\/p> <p>2002, Museum of National University, Seoul (S\u00fcdkorea)<\/p> <p>1998, CAAC, Aix-en-Provence<\/p> <p>Bilan 1991-1998, Centre d\u2019Art Contemporain de Vassivi\u00e8re en Limousin<\/p> <p>1997, Galerie Georges Verney-Carron, Lyon-Villeurbanne<\/p> <p>1994, Museum van Hedendaagse Kunst, Gent (Belgien)<\/p> <p>Parc du Ch\u00e2teau de Bailleul, Seine-Maritime<\/p> <p>1989, Galerie Montenay, Paris<\/p> <p>1988, Biennale von Venedig (Italien)<\/p> <p>1987, Galerie de France, Paris<\/p> <p>1986, The Art Museum, Cincinnati (USA)<\/p> <p>1985, Chapelle de la Salp\u00eatri\u00e8re, Paris<\/p> <p>1984, Extra Muros, Jardin des Plantes, Lille<\/p> <p>1983, Diagonale, Entrep\u00f4t Montevideo, Antwerpen (Belgien)<\/p> <p>1982, Centre Culturel Am\u00e9ricain, Paris<\/p> <p>1981, Nature du Dessin, Mus\u00e9e National d\u2019Art Moderne, Centre Georges Pompidou, Paris<\/p> <p>1979, Drawing, Hal Bromm Gallery, New York (USA)<\/p> <p>1977, Travaux\/Paris 77, ARC, Mus\u00e9e d\u2019Art Moderne de la Ville de Paris<\/p> <p>Galerie Mollet-Vi\u00e9ville, Paris<\/p> <p>1976, Galerie G\u00e9rald Piltzer, Paris<\/p> <p>Galerie Mantra, Turin (Italien)<\/p> <p>1975, Galerie Morone 6, Mailand (Italien)<\/p> <p>Galerie Etienne de Causans (Paris)<\/p> <p>1973, Salon des Arts, Tunis (Tunesien).<\/p> <p>1970, Maison de la Culture, Grenoble.<\/p> <p>Galerie Jacques Bonnefoux, Paris.<\/p>","_links":{"self":[{"href":"https:\/\/mosta-heirt.com\/index.php?rest_route=\/wp\/v2\/pages\/11445","targetHints":{"allow":["GET"]}}],"collection":[{"href":"https:\/\/mosta-heirt.com\/index.php?rest_route=\/wp\/v2\/pages"}],"about":[{"href":"https:\/\/mosta-heirt.com\/index.php?rest_route=\/wp\/v2\/types\/page"}],"author":[{"embeddable":true,"href":"https:\/\/mosta-heirt.com\/index.php?rest_route=\/wp\/v2\/users\/1"}],"replies":[{"embeddable":true,"href":"https:\/\/mosta-heirt.com\/index.php?rest_route=%2Fwp%2Fv2%2Fcomments&post=11445"}],"version-history":[{"count":37,"href":"https:\/\/mosta-heirt.com\/index.php?rest_route=\/wp\/v2\/pages\/11445\/revisions"}],"predecessor-version":[{"id":12720,"href":"https:\/\/mosta-heirt.com\/index.php?rest_route=\/wp\/v2\/pages\/11445\/revisions\/12720"}],"wp:attachment":[{"href":"https:\/\/mosta-heirt.com\/index.php?rest_route=%2Fwp%2Fv2%2Fmedia&parent=11445"}],"curies":[{"name":"wp","href":"https:\/\/api.w.org\/{rel}","templated":true}]}}